{"id":23,"date":"2018-01-16T12:01:52","date_gmt":"2018-01-16T12:01:52","guid":{"rendered":"http:\/\/baerbel-repik.com\/home\/"},"modified":"2026-01-19T14:26:04","modified_gmt":"2026-01-19T14:26:04","slug":"home","status":"publish","type":"page","link":"https:\/\/baerbel-repik.com\/","title":{"rendered":"Home"},"content":{"rendered":"\n\n\t\t\t\t<img decoding=\"async\" src=\"https:\/\/baerbel-repik.com\/wp-content\/uploads\/2023\/03\/1P9A8628-Kopie-1024x700.jpg\" alt=\"1P9A8628 Kopie\" title=\"1P9A8628 Kopie\" itemprop=\"image\"\/>\n\t<h2>\n\t\t\t\tUnser K\u00f6rper macht immer Sinn\n\t\t\t<\/h2>\n\t\t\t<p>Herzlich Willkommen auf meiner Seite!Mein Name ist B\u00e4rbel Repik.\u00a0Ich bin Heilpraktikerin &amp; Coach f\u00fcr Psychosomatik und Hypnotherapeutin.<br \/>Die Traumatherapie geh\u00f6rt zu meinem therapeutischen Wirken in der Hypnotherapie.\u00a0Trauma bedeutet seelische Verletzung. Diese Verletzung k\u00f6nnen wir lange in uns tragen bevor sie sich in Form von Krankheiten, Symptomen auf k\u00f6rperlicher oder seelischer Ebene bemerkbar macht.\u00a0Unser K\u00f6rper und unsere Seele gibt uns \u00fcber Erscheinungen, Symptome und Erkrankungen Hinweise auf das, was in unserem Inneren vorgeht. <br \/>Alles was uns unser K\u00f6rper und unsere Seele zeigt, macht immer Sinn und ist logisch erkl\u00e4rbar.\u00a0\u00a0Die westliche Medizin geht bei Erkrankungen und Symptomen h\u00e4ufig von einer Fehlfunktion, einer St\u00f6rung oder einem Defekt aus. Ich arbeite mit alternativen Wegen, haupts\u00e4chlich mit der TCM (Traditionelle Chinesische Medizin), auch mit Ayurveda (traditionelle indische Heilkunst = das Wissen vom Leben), der Chakrenlehre (die Energielehre), der neuen Medizin und auch mit Human Design, die Seele, K\u00f6rper und Geist untrennbar miteinander verbunden betrachten.\u00a0<strong>Wir haben verlernt unseren K\u00f6rper und unsere Seele zu lesen.<\/strong>\u00a0Der Schl\u00fcssel liegt in unseren Gef\u00fchlen, besonders in den Gef\u00fchlen, die wir uns nicht erlauben zu f\u00fchlen.Meine Aufgabe ist es, Dir dabei zu helfen die Zeichen Deines K\u00f6rpers zu \u00fcbersetzen in Gef\u00fchle und Bed\u00fcrfnisse. Wenn wir wissen, wie wir uns f\u00fchlen und was wir brauchen, k\u00f6nnen wir beginnen uns um uns selbst zu k\u00fcmmern, uns zu n\u00e4hren und zu unterst\u00fctzen.\u00a0\u00a0<strong>Du bist der wichtigste Mensch in Deinem Leben.<\/strong><\/p>\t\n<h2>\n\t\tThemengebiete\n\t<\/h2>\n\t<ul>\n\t\t<li>\t\t\t\t\n\t\t<h1>Angstzust\u00e4nde<\/h1><\/li><li>\t\t\t\t\n\t\t<h1>Lebenskrisen, Stress<\/h1><\/li><li>\t\t\t\t\n\t\t<h1> Depressionen<\/h1><\/li><li>\t\t\t\t\n\t\t<h1>Gewichtsprobleme<\/h1><\/li><li>\t\t\t\t\n\t\t<h1>Trauma und Trauerarbeit<\/h1><\/li><li>\t\t\t\t\n\t\t<h1>Rauchen<\/h1><\/li><li>\t\t\t\t\n\t\t<h1> Sexualit\u00e4t<\/h1><\/li><li>\t\t\t\t\n\t\t<h1>Partnerschaftsprobleme<\/h1><\/li><li>\t\t\t\t\n\t\t<h1>Allergien, Unvertr\u00e4glichkeiten<\/h1><\/li>\t<\/ul>\n\t\t\t\t<img decoding=\"async\" src=\"https:\/\/baerbel-repik.com\/wp-content\/uploads\/2024\/07\/Praxis12-1536x1024.png\" alt=\"Praxis12\" title=\"Praxis12\" itemprop=\"image\"\/>\n\t\t\t\t<img decoding=\"async\" src=\"https:\/\/baerbel-repik.com\/wp-content\/uploads\/2024\/07\/Praxis12-Kopie-2-1024x1024.png\" alt=\"Praxis12 Kopie 2\" title=\"Praxis12 Kopie 2\" itemprop=\"image\"\/>\n\t\t<h2>\n\t\tTherapie&shy;angebote\n\t<\/h2>\n\t<ul>\n\t\t<li>\t\t\t\t\n\t\t<h1>Hypnotherapie<\/h1><\/li><li>\t\t\t\t\n\t\t<h1>Klopfakupressur &#8211; Emotional Freedom Technique<\/h1><\/li><li>\t\t\t\t\n\t\t<h1> Psycho&shy;logische und psycho&shy;therapeutische Beratung<\/h1><\/li><li>\t\t\t\t\n\t\t<h1>Lebens&shy;krisen&shy;management \/ Coaching \/ Gespr\u00e4chstherapie<\/h1><\/li><li>\t\t\t\t\n\t\t<h1>Systemische Aufstellungsarbeit auf dem Systembrett<\/h1><\/li><li>\t\t\t\t\n\t\t<h1>Paarberatung \/ Eheberatung<\/h1><\/li><li>\t\t\t\t\n\t\t<h1>R\u00fcckf\u00fchrungsarbeit<\/h1><\/li><li>\t\t\t\t\n\t\t<h1>Arbeiten mit dem inneren Kind<\/h1><\/li>\t<\/ul>\n\t\t\t<h3>Unser K\u00f6rper macht immer Sinn.<\/h3>\t\t\t\n\t\t<h4>Ich freue mich auf Dich!<\/h4>\n\t\t\t<a href=\"https:\/\/baerbel-repik.com\/kontakt\/\" target=\"_self\"   role=\"button\" aria-label=\"E-mail\">\n\t\t\t\t\t\t\tE-mail\n\t\t<\/a>\n\t\t\t\t<img loading=\"lazy\" decoding=\"async\" src=\"https:\/\/baerbel-repik.com\/wp-content\/uploads\/2022\/09\/1P9A8773-scaled.jpg\" alt=\"1P9A8773\" itemprop=\"image\" height=\"1707\" width=\"2560\" title=\"1P9A8773\" onerror=\"this.style.display='none'\"  \/>\n\tHeilpraktikerin &amp; Coach<br \/>\nFachkrankenschwester<br \/>\nf\u00fcr Intensiv- und An\u00e4sthesie<br \/>\nCertified International Nurse<br \/>\nRegistered Nurse (USA)\n\t<h2>\n\t\t\t\tB\u00e4rbel Repik\n\t\t\t<\/h2>\n\t\t\t<p>Heilpraktikerin und Coach<\/p>\t\n\t\t<h6>Sch\u00fctzenhausweg 47 <br \/> 70499 Stuttgart &#8211; Weilimdorf<\/h6>\t\t\t\n\t\t<h6>0151 42026317<\/h6>\t\t\t\n\t\t<h6>praxis@baerbel-repik.com<\/h6>\t\t\t\n\t<a href=\"\/leistungen\" target=\"_self\"  aria-label=\"Go to \/leistungen\"><\/a>\n\t\t<h6>Honorar und Kosten<\/h6>\t\t\t\n\t<a href=\"\/praxis\" target=\"_self\"  aria-label=\"Go to \/praxis\"><\/a>\n\t\t<h6>Praxis<\/h6>\t\t\t\n\n","protected":false},"excerpt":{"rendered":"<p>Unser K\u00f6rper macht immer Sinn Herzlich Willkommen auf meiner Seite!Mein Name ist B\u00e4rbel Repik.\u00a0Ich bin Heilpraktikerin &amp; Coach f\u00fcr Psychosomatik und Hypnotherapeutin.Die Traumatherapie geh\u00f6rt zu meinem therapeutischen Wirken in der Hypnotherapie.\u00a0Trauma bedeutet seelische Verletzung. Diese Verletzung k\u00f6nnen wir lange in uns tragen bevor sie sich in Form von Krankheiten, Symptomen auf k\u00f6rperlicher oder seelischer Ebene [&hellip;]<\/p>\n","protected":false},"author":1,"featured_media":480,"parent":0,"menu_order":0,"comment_status":"closed","ping_status":"closed","template":"","meta":{"site-sidebar-layout":"no-sidebar","site-content-layout":"page-builder","ast-site-content-layout":"full-width-container","site-content-style":"unboxed","site-sidebar-style":"unboxed","ast-global-header-display":"","ast-banner-title-visibility":"","ast-main-header-display":"","ast-hfb-above-header-display":"","ast-hfb-below-header-display":"","ast-hfb-mobile-header-display":"","site-post-title":"disabled","ast-breadcrumbs-content":"","ast-featured-img":"disabled","footer-sml-layout":"","theme-transparent-header-meta":"default","adv-header-id-meta":"","stick-header-meta":"","header-above-stick-meta":"","header-main-stick-meta":"","header-below-stick-meta":"","astra-migrate-meta-layouts":"set","ast-page-background-enabled":"default","ast-page-background-meta":{"desktop":{"background-color":"","background-image":"","background-repeat":"repeat","background-position":"center center","background-size":"auto","background-attachment":"scroll","background-type":"","background-media":"","overlay-type":"","overlay-color":"","overlay-opacity":"","overlay-gradient":""},"tablet":{"background-color":"","background-image":"","background-repeat":"repeat","background-position":"center center","background-size":"auto","background-attachment":"scroll","background-type":"","background-media":"","overlay-type":"","overlay-color":"","overlay-opacity":"","overlay-gradient":""},"mobile":{"background-color":"","background-image":"","background-repeat":"repeat","background-position":"center center","background-size":"auto","background-attachment":"scroll","background-type":"","background-media":"","overlay-type":"","overlay-color":"","overlay-opacity":"","overlay-gradient":""}},"ast-content-background-meta":{"desktop":{"background-color":"var(--ast-global-color-5)","background-image":"","background-repeat":"repeat","background-position":"center center","background-size":"auto","background-attachment":"scroll","background-type":"","background-media":"","overlay-type":"","overlay-color":"","overlay-opacity":"","overlay-gradient":""},"tablet":{"background-color":"var(--ast-global-color-5)","background-image":"","background-repeat":"repeat","background-position":"center center","background-size":"auto","background-attachment":"scroll","background-type":"","background-media":"","overlay-type":"","overlay-color":"","overlay-opacity":"","overlay-gradient":""},"mobile":{"background-color":"var(--ast-global-color-5)","background-image":"","background-repeat":"repeat","background-position":"center center","background-size":"auto","background-attachment":"scroll","background-type":"","background-media":"","overlay-type":"","overlay-color":"","overlay-opacity":"","overlay-gradient":""}},"footnotes":""},"class_list":["post-23","page","type-page","status-publish","has-post-thumbnail","hentry"],"_links":{"self":[{"href":"https:\/\/baerbel-repik.com\/index.php?rest_route=\/wp\/v2\/pages\/23","targetHints":{"allow":["GET"]}}],"collection":[{"href":"https:\/\/baerbel-repik.com\/index.php?rest_route=\/wp\/v2\/pages"}],"about":[{"href":"https:\/\/baerbel-repik.com\/index.php?rest_route=\/wp\/v2\/types\/page"}],"author":[{"embeddable":true,"href":"https:\/\/baerbel-repik.com\/index.php?rest_route=\/wp\/v2\/users\/1"}],"replies":[{"embeddable":true,"href":"https:\/\/baerbel-repik.com\/index.php?rest_route=%2Fwp%2Fv2%2Fcomments&post=23"}],"version-history":[{"count":225,"href":"https:\/\/baerbel-repik.com\/index.php?rest_route=\/wp\/v2\/pages\/23\/revisions"}],"predecessor-version":[{"id":1471,"href":"https:\/\/baerbel-repik.com\/index.php?rest_route=\/wp\/v2\/pages\/23\/revisions\/1471"}],"wp:featuredmedia":[{"embeddable":true,"href":"https:\/\/baerbel-repik.com\/index.php?rest_route=\/wp\/v2\/media\/480"}],"wp:attachment":[{"href":"https:\/\/baerbel-repik.com\/index.php?rest_route=%2Fwp%2Fv2%2Fmedia&parent=23"}],"curies":[{"name":"wp","href":"https:\/\/api.w.org\/{rel}","templated":true}]}}