{"id":693,"date":"2021-04-07T10:44:28","date_gmt":"2021-04-07T10:44:28","guid":{"rendered":"https:\/\/baerbel-repik.com\/?page_id=693"},"modified":"2025-10-28T15:42:34","modified_gmt":"2025-10-28T15:42:34","slug":"impressum","status":"publish","type":"page","link":"https:\/\/baerbel-repik.com\/?page_id=693","title":{"rendered":"Impressum"},"content":{"rendered":"\n<h2>\n\t\tImpressum\n\t<\/h2>\n\t<p><strong>Praxis<\/strong><\/p>\nB\u00e4rbel Repik<br>\nHeilpraktikerin &amp; Coach f\u00fcr Psychosomatik<br>\nThomas-Mann-Str. 50<br>\n70469 Stuttgart<br>\nDeutschland\n<strong>Kontakt:<\/strong><br>\nFon: +49 151 42026317<br>\nE-Mail: praxis@baerbel-repik.com\n<strong>Berufszeichnung:<\/strong><br>\nHeilpraktikerin &amp; Coach\n<p>Heilpraktikererlaubnis in Deutschland durch das Gesundheitsamt Stuttgart.<\/p>\n<strong>Zust\u00e4ndige Aufsichtsbeh\u00f6rde:<\/strong><br>\nGesundheitsamt Stuttgart, Bismarckstra\u00dfe 3, 70176 Stuttgart\n<strong>Rechtsgrundlagen:<\/strong><br>\nGesetz \u00fcber die berufsm\u00e4\u00dfige Aus\u00fcbung der Heilkunde ohne Bestallung (Heilpraktikergesetz, BGBl. III 2122-2)\n<p>Durchf\u00fchrungsverordnung zum Heilpraktikergesetz (BGBl. III 2122-2-1)<\/p>\n<p>Meine Leistungen als Heilpraktikerin sind nach \u00a719 UStG von der Umsatzsteuer befreit.<\/p>\n<p><strong>Umsatzsteuer-Identifikationsnummer gem\u00e4\u00df \u00a727 a Umsatzsteuergesetz:<\/strong><\/p>\n95466\/18557\n<!--\n<strong>Aufsichtsbeh\u00f6rde:<\/strong>\nMusteraufsicht Musterstadt\n-->\n<p><strong>Haftungsausschluss: <\/strong><\/p>\n<p><strong>Haftung f\u00fcr Inhalte<\/strong><\/p>\n<p>Die Inhalte unserer Seiten wurden mit gr\u00f6\u00dfter Sorgfalt erstellt. F\u00fcr die Richtigkeit, Vollst\u00e4ndigkeit und Aktualit\u00e4t der Inhalte k\u00f6nnen wir jedoch keine Gew\u00e4hr \u00fcbernehmen. Als Diensteanbieter sind wir gem\u00e4\u00df \u00a7 7 Abs.1 TMG f\u00fcr eigene Inhalte auf diesen Seiten nach den allgemeinen Gesetzen verantwortlich. Nach \u00a7\u00a7 8 bis 10 TMG sind wir als Diensteanbieter jedoch nicht verpflichtet, \u00fcbermittelte oder gespeicherte fremde Informationen zu \u00fcberwachen oder nach Umst\u00e4nden zu forschen, die auf eine rechtswidrige T\u00e4tigkeit hinweisen. Verpflichtungen zur Entfernung oder Sperrung der Nutzung von Informationen nach den allgemeinen Gesetzen bleiben hiervon unber\u00fchrt. Eine diesbez\u00fcgliche Haftung ist jedoch erst ab dem Zeitpunkt der Kenntnis einer konkreten Rechtsverletzung m\u00f6glich. Bei Bekanntwerden von entsprechenden Rechtsverletzungen werden wir diese Inhalte umgehend entfernen.<\/p>\n<p><strong>Google Fonts<\/strong><\/p>\nUm meine Website grafisch ansprechend darzustellen, verwende ich Website Schriftbibliotheken von &#8222;Google Webfonts &#8222;(<a href=\"https:\/\/www.google.com\/webfonts\/).\" target=\"_blank\" rel=\"noopener noreferrer\">https:\/\/www.google.com\/webfonts\/).<\/a><br>\nBeim Laden der Schriftbibliotheken wird automatisch eine Verbindung zu Google hergestellt. Dabei kann es sein dass die Firma Google Daten erhebt, wie im Abschnitt &#8222;Erhebung und Speicherung personenbezogener Daten bei Aufruf meiner Website&#8220; beschrieben.\n<p><strong>Haftung f\u00fcr Links<\/strong><\/p>\n<p>Unser Angebot enth\u00e4lt Links zu externen Webseiten Dritter, auf deren Inhalte wir keinen Einfluss haben. Deshalb k\u00f6nnen wir f\u00fcr diese fremden Inhalte auch keine Gew\u00e4hr \u00fcbernehmen. F\u00fcr die Inhalte der verlinkten Seiten ist stets der jeweilige Anbieter oder Betreiber der Seiten verantwortlich. Die verlinkten Seiten wurden zum Zeitpunkt der Verlinkung auf m\u00f6gliche Rechtsverst\u00f6\u00dfe \u00fcberpr\u00fcft. Rechtswidrige Inhalte waren zum Zeitpunkt der Verlinkung nicht erkennbar. Eine permanente inhaltliche Kontrolle der verlinkten Seiten ist jedoch ohne konkrete Anhaltspunkte einer Rechtsverletzung nicht zumutbar. Bei Bekanntwerden von Rechtsverletzungen werden wir derartige Links umgehend entfernen.<\/p>\n<p><strong>Urheberrecht<\/strong><\/p>\n<p>Die durch die Seitenbetreiber erstellten Inhalte und Werke auf diesen Seiten unterliegen dem deutschen Urheberrecht. Die Vervielf\u00e4ltigung, Bearbeitung, Verbreitung und jede Art der Verwertung au\u00dferhalb der Grenzen des Urheberrechtes bed\u00fcrfen der schriftlichen Zustimmung des jeweiligen Autors bzw. Erstellers. Downloads und Kopien dieser Seite sind nur f\u00fcr den privaten, nicht kommerziellen Gebrauch gestattet. Soweit die Inhalte auf dieser Seite nicht vom Betreiber erstellt wurden, werden die Urheberrechte Dritter beachtet. Insbesondere werden Inhalte Dritter als solche gekennzeichnet. Sollten Sie trotzdem auf eine Urheberrechtsverletzung aufmerksam werden, bitten wir um einen entsprechenden Hinweis. Bei Bekanntwerden von Rechtsverletzungen werden wir derartige Inhalte umgehend entfernen.<\/p>\n","protected":false},"excerpt":{"rendered":"<p>Impressum Praxis B\u00e4rbel Repik Heilpraktikerin &amp; Coach f\u00fcr Psychosomatik Thomas-Mann-Str. 50 70469 Stuttgart Deutschland Kontakt: Fon: +49 151 42026317 E-Mail: praxis@baerbel-repik.com Berufszeichnung: Heilpraktikerin &amp; Coach Heilpraktikererlaubnis in Deutschland durch das Gesundheitsamt Stuttgart. Zust\u00e4ndige Aufsichtsbeh\u00f6rde: Gesundheitsamt Stuttgart, Bismarckstra\u00dfe 3, 70176 Stuttgart Rechtsgrundlagen: Gesetz \u00fcber die berufsm\u00e4\u00dfige Aus\u00fcbung der Heilkunde ohne Bestallung (Heilpraktikergesetz, BGBl. III 2122-2) Durchf\u00fchrungsverordnung [&hellip;]<\/p>\n","protected":false},"author":1,"featured_media":0,"parent":0,"menu_order":0,"comment_status":"closed","ping_status":"closed","template":"","meta":{"site-sidebar-layout":"default","site-content-layout":"default","ast-site-content-layout":"default","site-content-style":"default","site-sidebar-style":"default","ast-global-header-display":"","ast-banner-title-visibility":"","ast-main-header-display":"","ast-hfb-above-header-display":"","ast-hfb-below-header-display":"","ast-hfb-mobile-header-display":"","site-post-title":"disabled","ast-breadcrumbs-content":"","ast-featured-img":"","footer-sml-layout":"","theme-transparent-header-meta":"default","adv-header-id-meta":"","stick-header-meta":"","header-above-stick-meta":"","header-main-stick-meta":"","header-below-stick-meta":"","astra-migrate-meta-layouts":"default","ast-page-background-enabled":"default","ast-page-background-meta":{"desktop":{"background-color":"","background-image":"","background-repeat":"repeat","background-position":"center center","background-size":"auto","background-attachment":"scroll","background-type":"","background-media":"","overlay-type":"","overlay-color":"","overlay-opacity":"","overlay-gradient":""},"tablet":{"background-color":"","background-image":"","background-repeat":"repeat","background-position":"center center","background-size":"auto","background-attachment":"scroll","background-type":"","background-media":"","overlay-type":"","overlay-color":"","overlay-opacity":"","overlay-gradient":""},"mobile":{"background-color":"","background-image":"","background-repeat":"repeat","background-position":"center center","background-size":"auto","background-attachment":"scroll","background-type":"","background-media":"","overlay-type":"","overlay-color":"","overlay-opacity":"","overlay-gradient":""}},"ast-content-background-meta":{"desktop":{"background-color":"var(--ast-global-color-5)","background-image":"","background-repeat":"repeat","background-position":"center center","background-size":"auto","background-attachment":"scroll","background-type":"","background-media":"","overlay-type":"","overlay-color":"","overlay-opacity":"","overlay-gradient":""},"tablet":{"background-color":"var(--ast-global-color-5)","background-image":"","background-repeat":"repeat","background-position":"center center","background-size":"auto","background-attachment":"scroll","background-type":"","background-media":"","overlay-type":"","overlay-color":"","overlay-opacity":"","overlay-gradient":""},"mobile":{"background-color":"var(--ast-global-color-5)","background-image":"","background-repeat":"repeat","background-position":"center center","background-size":"auto","background-attachment":"scroll","background-type":"","background-media":"","overlay-type":"","overlay-color":"","overlay-opacity":"","overlay-gradient":""}},"footnotes":""},"class_list":["post-693","page","type-page","status-publish","hentry"],"_links":{"self":[{"href":"https:\/\/baerbel-repik.com\/index.php?rest_route=\/wp\/v2\/pages\/693","targetHints":{"allow":["GET"]}}],"collection":[{"href":"https:\/\/baerbel-repik.com\/index.php?rest_route=\/wp\/v2\/pages"}],"about":[{"href":"https:\/\/baerbel-repik.com\/index.php?rest_route=\/wp\/v2\/types\/page"}],"author":[{"embeddable":true,"href":"https:\/\/baerbel-repik.com\/index.php?rest_route=\/wp\/v2\/users\/1"}],"replies":[{"embeddable":true,"href":"https:\/\/baerbel-repik.com\/index.php?rest_route=%2Fwp%2Fv2%2Fcomments&post=693"}],"version-history":[{"count":11,"href":"https:\/\/baerbel-repik.com\/index.php?rest_route=\/wp\/v2\/pages\/693\/revisions"}],"predecessor-version":[{"id":1198,"href":"https:\/\/baerbel-repik.com\/index.php?rest_route=\/wp\/v2\/pages\/693\/revisions\/1198"}],"wp:attachment":[{"href":"https:\/\/baerbel-repik.com\/index.php?rest_route=%2Fwp%2Fv2%2Fmedia&parent=693"}],"curies":[{"name":"wp","href":"https:\/\/api.w.org\/{rel}","templated":true}]}}