{"id":751,"date":"2021-12-08T08:13:17","date_gmt":"2021-12-08T08:13:17","guid":{"rendered":"https:\/\/baerbel-repik.com\/?page_id=751"},"modified":"2025-04-08T06:01:29","modified_gmt":"2025-04-08T06:01:29","slug":"therapieangebote","status":"publish","type":"page","link":"https:\/\/baerbel-repik.com\/?page_id=751","title":{"rendered":"Therapieangebote"},"content":{"rendered":"\n<h1>\n\t\tTherapieangebote\n\t<\/h1>\n<h2>\n\t\tHypnoseregulationstherapie \n\t<\/h2>\n\t<p><strong>Hypnoseregulationstherapie<\/strong><\/p>\n<p>\ud83e\udd8b nach Marietta Veit HP<\/p>\n<p>Die Hypnosetherapie wurde 2006 vom wissenschaftlichen Beirat f\u00fcr Psychotherapie als wissenschaftlich begr\u00fcndete psychotherapeutische Methode anerkannt.<\/p>\n<p>Bis 2001 wurden viele Wirksamkeitsbelege vorgelegt, unter anderem f\u00fcr folgende k\u00f6rperliche und psychische Symptomatik und Krankheiten:<\/p>\n<ul>\n<li>Phobien \/ Angst \/ Panikst\u00f6rungen<\/li>\n<li>Belastungsst\u00f6rungen<\/li>\n<li>\u00dcbergewicht \/ Schlafst\u00f6rungen \/ Tinnitus<\/li>\n<li>Sexualthemen \/ Depression \/ Bulimie<\/li>\n<li>Rauchen \/ Einn\u00e4ssen<\/li>\n<li>Rehabilitation nach Herzinfarkt und Schlaganfall<\/li>\n<li>akuter \/ chronische Schmerzen<\/li>\n<li>Hoher Blutdruck<\/li>\n<\/ul>\n<p>Die Hypnoseregulationstherapie zielt auf die L\u00f6sung der eingeschlossenen Emotionen durch erlebte, innere Konflikte ab. Es handelt sich hier um eine Wachhypnose. Bei der Hypnoseregulationstherapie handelt es sich um eine Kombinationstherapie von Hypnose, systemischer Therapie und Kinesiologie.<\/p>\n<p>Hypnose ist kein Schlaf und hat nichts mit Ohnmacht oder Bewusstlosigkeit zu tun!<\/p>\n<p>Leider ist der Begriff der Hypnose, ungl\u00fccklich gew\u00e4hlt, denn Hypnose bedeutet \u00fcbersetzt Schlaf. Man kann die Hypnose auch als Trance bezeichnen und dieser Begriff passt meiner Meinung nach deutlich besser. Trance bedeutet hin\u00fcbergehen oder \u00fcberschreiten. In der Trance erlangen wir den Zugang zu unserem Unterbewusstsein. Und genau da liegen die eingeschlossenen Emotionen verborgen.<\/p>\n<p>In der Hypnosetherapie bekommt der Patient immer alles ganz bewusst mit und kann sich danach auch an Inhalte erinnern. Sie sind jederzeit in der Lage Bed\u00fcrfnisse zu \u00e4u\u00dfern und Sie entscheiden, was Sie zulassen m\u00f6chten und was nicht.<\/p>\n<p>In der Hypnose sind Sie nicht manipulierbar. Die Hypnosetherapie soll Ihnen dabei helfen, die Ursachen f\u00fcr k\u00f6rperliche St\u00f6rungen und Krankheiten zu l\u00f6sen. Auch wird sie eingesetzt, um Ihre konkret definierten Ziele zu erreichen.<\/p>\n<p>Hypnose ist Magie mit wissenschaftlicher R\u00fcckenst\u00e4rkung.<\/p>\n<p>Obwohl die Hypnose als Therapie in der Medizin und Psychotherapie eine &#8222;feste Gr\u00f6\u00dfe&#8220; ist und als wissenschaftliche Therapiemethode in Deutschland gesetzlich anerkannt ist, h\u00e4lt sich hartn\u00e4ckig das Vorurteil von \u201eZauber und Mystik&#8220;. Die Hypnosetherapie hat effektive Techniken und Methoden entwickelt, die helfen k\u00f6nnen, die Trance f\u00fcr gezielte Ver\u00e4nderungsprozesse zu nutzen.<\/p>\n<p>Hypnotherapie f\u00fcr die medizinische und psychotherapeutische Heilbehandlung ist die Nutzung von Trancezust\u00e4nden zur Aktivierung und Verwendung der im Unterbewusstsein der Person zur Verf\u00fcgung stehenden angeborenen und erworbenen Ressourcen und F\u00e4higkeiten. Wir alle haben die angeborene F\u00e4higkeit uns in Trance zu versetzen. Diese F\u00e4higkeit wird bei der Hypnotherapie positiv genutzt.<\/p>\n<p>Sie k\u00f6nnen sich ein Problem, eine K\u00f6rperliche St\u00f6rung oder eine Krankheit als eine Zwiebel vorstellen. Je \u00e4lter wir sind, desto mehr Zwiebelbl\u00e4tter haben sich gebildet und liegen \u00fcbereinander. Das Unterbewusstsein l\u00f6st immer nur so viele Aspekte (Zwiebelbl\u00e4tter) zu einem Problem, wie es auch verarbeiten kann.<\/p>\n<p><strong>Die Hypnosetherapie ist sowohl f\u00fcr Erwachsene als auch f\u00fcr Kinder und Jugendliche geeignet.<\/strong><\/p>\n<p>&nbsp;<\/p>\n<h2>\n\t\tCoaching und psychotherapeutische Beratung\n\t<\/h2>\n\t<p>Die Grenzen zwischen psychotherapeutischer Beratung und Coaching sind flie\u00dfend.<\/p>\n<h2>\n\t\tCoaching\n\t<\/h2>\n\t<ul>\n<li>Coaching ist ein interaktiver und personenzentrierter Beratungs- und Begleitungsprozess.<\/li>\n<li>Dieser kann hilfreich sein bei Lebenskrisen, Entscheidungsschwierigkeiten oder Beziehungsproblemen.<\/li>\n<li>Coaching bedeutet Hilfestellungen in Form von kommunikativer Kompetenz.<\/li>\n<li>Die Aufgabe des Coaches besteht darin, den Klienten zu unterst\u00fctzen und zu begleiten, die eigenen Ressourcen und F\u00e4higkeiten zu entdecken und f\u00fcr die Probleml\u00f6sung zu nutzen.<\/li>\n<li>Ein Coaching kann nach einer Beratung abgeschlossen sein oder auch nach mehreren, das ist individuell sehr unterschiedlich.<\/li>\n<\/ul>\n<h2>\n\t\tPsychotherapeutische Beratung\n\t<\/h2>\n\t<ul>\n<li>Psychotherapie bedeutet w\u00f6rtlich \u00fcbersetzt die Behandlung der Seele bzw. die Behandlung von seelischen Problemen.<\/li>\n<li>Die psychotherapeutische Beratung beinhaltet die Behandlung, Linderung und Heilung im psychischen Bereich.<\/li>\n<li>Psychische Symptome wie Angstzust\u00e4nde, Stimmungsschwankungen, Schlafst\u00f6rungen, Libidoverlust oder innere Unruhe k\u00f6nnen dabei ein Hinweis auf eine psychische Erkrankung wie Depression oder Angstst\u00f6rung sein.<\/li>\n<li>H\u00e4ufig liegen die Ursachen daf\u00fcr in unserer Kindheit.<\/li>\n<li>Allerdings k\u00f6nnen diese Symptome auch im Rahmen von Lebenskrisen oder Beziehungsproblemen auftreten und keinen pathologischen Krankheitswert aufweisen.<\/li>\n<li>Mit psychologischen Methoden, Gespr\u00e4chen, kommunikativer Kompetenz, Entspannungsmethoden und vielem Mehr werden die seelischen Probleme herausgearbeitet und die Linderung und Heilung angestrebt.<\/li>\n<li>Je gr\u00f6\u00dfer die Bereitschaft ist, sich mit den pers\u00f6nlichen Problemen auseinander zu setzen, sie anzuschauen, anzuerkennen und schlie\u00dflich los zu lassen, desto gr\u00f6\u00dfer sind die Heilungsaussichten.<\/li>\n<\/ul>\n<h2>\n\t\tPaarberatung und Paartherapie\n\t<\/h2>\n\t<p><b>Paarberatung <\/b><\/p>\n<p>Paarberatung ist keine heilkundliche Behandlungsart, wie z.B. Psychotherapie. Paarberatung \/ Paartherapie ist daher keine Therapie im \u00fcblichen Sinne. Sie geh\u00f6rt zum Bereich der nichtheilkundlichen Psychologie (Psychologische Beratung, Coaching, Training, etc.) mit dem Ziel der Aufarbeitung und \u00dcberwindung partnerschaftlicher Konflikte.<\/p>\n<p>Nach der Gewaltfreien Kommunikation von M. Rosenberg besteht ein Konflikt, wenn zwei unerf\u00fcllte Bed\u00fcrfnisse scheinbar nicht miteinander vereinbar sind. Konflikte sind immer personenbezogen und in allen Beziehungen ob pers\u00f6nlicher oder beruflicher Natur, normal. Ein Problem ist ein unerf\u00fclltes Bed\u00fcrfnis (einer Person).<\/p>\n<p>Beziehungsprobleme und Beziehungskonflikte basieren in ihrem Kern in der Regel auf einem Mangel an Interesse, Verst\u00e4ndnis, Respekt, Empathie, Wertsch\u00e4tzung, Akzeptanz, Anerkennung, Gleichberechtigung, Unterst\u00fctzung, etc. f\u00fcreinander. Dieser Mangel zeigt sich dann meist daran, dass Paare wegen ihrer Unterschiede im Denken, F\u00fchlen und Handeln des \u00d6fteren in Streit geraten und die Gef\u00fchle von Verbundenheit und Liebe dabei immer mehr abnehmen. Anders als am Anfang der Beziehung, als jeder im jeweils anderen den idealen, nahezu perfekten Partner zu erkennen glaubte, haben beide im Laufe der Zeit damit angefangen, sich gegenseitig das Gef\u00fchl zu geben, der andere sei so, wie er ist, ver\u00e4nderungsbed\u00fcrftig. Er bzw. sie entspricht nicht mehr den jeweils eigenen Erwartungen. Vieles w\u00fcnscht man sich anders.<\/p>\n<p>Das Ziel der Paartherapie oder Paarberatung ist, Konflikte in der Partnerschaft anzuschauen, nach der GfK zu \u00fcbersetzen und zu l\u00f6sen. Das bedeutet nicht notwendigerweise, dass das Paar am Ende zu dem Schluss gelangt, dass sie ihre Beziehung gerne weiterf\u00fchren m\u00f6chten. Menschen ver\u00e4ndern sich, Dynamiken in Beziehungen ver\u00e4ndern sich und auch \u00e4u\u00dfere Umst\u00e4nde ver\u00e4ndern sich. Eine gl\u00fcckliche Partnerschaft kann nur dann entstehen, wenn beide sich bewusst dazu entscheiden.<\/p>\n<p>In der Paarberatung\/Paartherapie wird die Beziehungssituation auf Herz und Nieren \u00fcberpr\u00fcft. Alle Problemfelder k\u00f6nnen sichtbar gemacht und dann angesehen werden. Dabei sollte es beiden Partnern m\u00f6glich sein, sich dar\u00fcber klar zu werden, ob die Bereitschaft und das Interesse vorhanden sind, die Beziehung miteinander fortzuf\u00fchren.<\/p>\n<p>Diese Erkenntnis f\u00fchrt dann in der Regel zu einem von drei m\u00f6glichen Ergebnissen:<\/p>\n<ol>\n<li>Sie m\u00f6chten beide ihre Beziehung gerne weiterf\u00fchren und sind bereit es anzupacken, sich einzulassen und sich zu verpflichten. Sie glauben beide daran, dass Sie es alleine schaffen k\u00f6nnen. Sie entscheiden sich bewusst zur Ver\u00e4nderung der Beziehung.<\/li>\n<li>Sie m\u00f6chten beide ihre Beziehung gerne weiterf\u00fchren und sind bereit es anzupacken, sich einzulassen und sich zu verpflichten. Gleichzeitig glauben Sie nicht, dass Sie es alleine schaffen k\u00f6nnen, vielleicht weil sich ihre Lage sehr kritisch anf\u00fchlt. Sie m\u00f6chten eine Paarberatung\/Paartherapie in Anspruch nehmen.<\/li>\n<li>Sie stellen beide oder ein Partner stellt fest, dass Sie nicht l\u00e4nger daran glauben, jemals noch einmal gl\u00fccklich in der Beziehung zu werden und m\u00f6chten sich trennen. Auch hier kann Paarberatung hilfreich sein, besonders wenn Kinder da sind, diese Trennung auf eine gute, respektvolle Art und Weise zu tun.<\/li>\n<\/ol>\n","protected":false},"excerpt":{"rendered":"<p>Therapieangebote Hypnoseregulationstherapie Hypnoseregulationstherapie \ud83e\udd8b nach Marietta Veit HP Die Hypnosetherapie wurde 2006 vom wissenschaftlichen Beirat f\u00fcr Psychotherapie als wissenschaftlich begr\u00fcndete psychotherapeutische Methode anerkannt. Bis 2001 wurden viele Wirksamkeitsbelege vorgelegt, unter anderem f\u00fcr folgende k\u00f6rperliche und psychische Symptomatik und Krankheiten: Phobien \/ Angst \/ Panikst\u00f6rungen Belastungsst\u00f6rungen \u00dcbergewicht \/ Schlafst\u00f6rungen \/ Tinnitus Sexualthemen \/ Depression \/ Bulimie [&hellip;]<\/p>\n","protected":false},"author":1,"featured_media":0,"parent":0,"menu_order":0,"comment_status":"closed","ping_status":"closed","template":"","meta":{"site-sidebar-layout":"no-sidebar","site-content-layout":"page-builder","ast-site-content-layout":"default","site-content-style":"default","site-sidebar-style":"default","ast-global-header-display":"","ast-banner-title-visibility":"","ast-main-header-display":"","ast-hfb-above-header-display":"","ast-hfb-below-header-display":"","ast-hfb-mobile-header-display":"","site-post-title":"disabled","ast-breadcrumbs-content":"","ast-featured-img":"disabled","footer-sml-layout":"","theme-transparent-header-meta":"default","adv-header-id-meta":"","stick-header-meta":"","header-above-stick-meta":"","header-main-stick-meta":"","header-below-stick-meta":"","astra-migrate-meta-layouts":"default","ast-page-background-enabled":"default","ast-page-background-meta":{"desktop":{"background-color":"","background-image":"","background-repeat":"repeat","background-position":"center center","background-size":"auto","background-attachment":"scroll","background-type":"","background-media":"","overlay-type":"","overlay-color":"","overlay-opacity":"","overlay-gradient":""},"tablet":{"background-color":"","background-image":"","background-repeat":"repeat","background-position":"center center","background-size":"auto","background-attachment":"scroll","background-type":"","background-media":"","overlay-type":"","overlay-color":"","overlay-opacity":"","overlay-gradient":""},"mobile":{"background-color":"","background-image":"","background-repeat":"repeat","background-position":"center center","background-size":"auto","background-attachment":"scroll","background-type":"","background-media":"","overlay-type":"","overlay-color":"","overlay-opacity":"","overlay-gradient":""}},"ast-content-background-meta":{"desktop":{"background-color":"var(--ast-global-color-5)","background-image":"","background-repeat":"repeat","background-position":"center center","background-size":"auto","background-attachment":"scroll","background-type":"","background-media":"","overlay-type":"","overlay-color":"","overlay-opacity":"","overlay-gradient":""},"tablet":{"background-color":"var(--ast-global-color-5)","background-image":"","background-repeat":"repeat","background-position":"center center","background-size":"auto","background-attachment":"scroll","background-type":"","background-media":"","overlay-type":"","overlay-color":"","overlay-opacity":"","overlay-gradient":""},"mobile":{"background-color":"var(--ast-global-color-5)","background-image":"","background-repeat":"repeat","background-position":"center center","background-size":"auto","background-attachment":"scroll","background-type":"","background-media":"","overlay-type":"","overlay-color":"","overlay-opacity":"","overlay-gradient":""}},"footnotes":""},"class_list":["post-751","page","type-page","status-publish","hentry"],"_links":{"self":[{"href":"https:\/\/baerbel-repik.com\/index.php?rest_route=\/wp\/v2\/pages\/751","targetHints":{"allow":["GET"]}}],"collection":[{"href":"https:\/\/baerbel-repik.com\/index.php?rest_route=\/wp\/v2\/pages"}],"about":[{"href":"https:\/\/baerbel-repik.com\/index.php?rest_route=\/wp\/v2\/types\/page"}],"author":[{"embeddable":true,"href":"https:\/\/baerbel-repik.com\/index.php?rest_route=\/wp\/v2\/users\/1"}],"replies":[{"embeddable":true,"href":"https:\/\/baerbel-repik.com\/index.php?rest_route=%2Fwp%2Fv2%2Fcomments&post=751"}],"version-history":[{"count":37,"href":"https:\/\/baerbel-repik.com\/index.php?rest_route=\/wp\/v2\/pages\/751\/revisions"}],"predecessor-version":[{"id":1303,"href":"https:\/\/baerbel-repik.com\/index.php?rest_route=\/wp\/v2\/pages\/751\/revisions\/1303"}],"wp:attachment":[{"href":"https:\/\/baerbel-repik.com\/index.php?rest_route=%2Fwp%2Fv2%2Fmedia&parent=751"}],"curies":[{"name":"wp","href":"https:\/\/api.w.org\/{rel}","templated":true}]}}