{"id":957,"date":"2022-09-05T11:47:37","date_gmt":"2022-09-05T11:47:37","guid":{"rendered":"https:\/\/baerbel-repik.com\/?page_id=957"},"modified":"2026-02-18T09:59:17","modified_gmt":"2026-02-18T09:59:17","slug":"behandlungskosten","status":"publish","type":"page","link":"https:\/\/baerbel-repik.com\/?page_id=957","title":{"rendered":"Behandlungskosten"},"content":{"rendered":"\n<h2>\n\t\tBehandlungskosten\n\t<\/h2>\n\t<p>Erstgespr\u00e4ch 45 Minuten\u00a0 \u00a0 \u00a0 \u00a0 \u00a0 \u00a0 \u00a0 \u00a0 \u00a0 \u00a0 \u00a0 \u00a0 \u00a0 \u00a0 \u00a0 \u00a0 \u00a0 \u00a0 \u00a0 \u00a0 \u00a0 \u00a0 \u00a0 \u00a0 \u00a0 \u00a0 \u00a0 \u00a0 \u00a0 \u00a0 \u00a0 \u00a0 \u00a0 \u00a060,00 Euro<\/p>\n<p>Psychotherapeutische Beratung 60 Minuten\u00a0 \u00a0 \u00a0 \u00a0 \u00a0 \u00a0 \u00a0 \u00a0 \u00a0 \u00a0 \u00a0 \u00a0 \u00a0 \u00a0 \u00a0 \u00a0 \u00a0 \u00a0100,00 Euro<\/p>\n<p>Coaching &#8211; beruflich &amp; privat\u00a0 \u00a060 Minuten\u00a0 \u00a0 \u00a0 \u00a0 \u00a0 \u00a0 \u00a0 \u00a0 \u00a0 \u00a0 \u00a0 \u00a0 \u00a0 \u00a0 \u00a0 \u00a0 \u00a0 \u00a0 \u00a0 \u00a0100,00 Euro<\/p>\n<p>Hypnose-Regulations-Therapie 90 Minuten\u00a0 \u00a0 \u00a0 \u00a0 \u00a0 \u00a0 \u00a0 \u00a0 \u00a0 \u00a0 \u00a0 \u00a0 \u00a0 \u00a0 \u00a0 \u00a0 \u00a0 \u00a0 150,00 Euro<\/p>\n<p>Human Design Paket &#8218;Mein Human Design&#8216; (Erstellung und Kurzanalyse Deines pers\u00f6nlichen Human Designs (Energietyp, Profil &amp; Autorit\u00e4t) und wichtige astrologische Aspekte (Mondknoten &amp; Saturn):\u00a0 20 Minuten Vorgespr\u00e4ch, 60 Minuten Vorbereitungszeit f\u00fcr Dein ganz pers\u00f6nliches Design, 2 x 90 Minuten Reading in meiner Praxis oder online, Zusammenfassung in PDF<\/p>\n<p>444,00 Euro<\/p>\n<p>&nbsp;<\/p>\n<ul>\n<li>Die Beratungsgespr\u00e4che, die Hypnosetherapie und das Coaching k\u00f6nnen um 15 oder 30 Minuten verl\u00e4ngert werden, die Behandlungskosten erh\u00f6hen sich entsprechend der Zeitverl\u00e4ngerung.<\/li>\n<li>Die f\u00fcr Sie entstehenden Behandlungskosten f\u00fcr psychotherapeutische Beratungen und Hypnosetherapie werden nach der aktuellen Geb\u00fchrenordnung f\u00fcr Heilpraktiker abgerechnet.<\/li>\n<li>Die privaten Krankenversicherungen \u00fcbernehmen h\u00e4ufig die Kosten in Abh\u00e4ngigkeit des vom Patienten gew\u00e4hlten Tarifs.<\/li>\n<li>Die gesetzlichen Krankenversicherungen tragen die Behandlungskosten im Regelfall leider nicht, es gibt jedoch Zusatzversicherungen, die eine Kosten\u00fcbernahme gew\u00e4hrleisten k\u00f6nnen.<\/li>\n<li>Coaching stellt keine Heilbehandlung dar und wird deshalb nicht von Krankenkassen oder Zusatzversicherungen \u00fcbernommen.<\/li>\n<li>Eventuell besteht die M\u00f6glichkeit die Behandlungskosten steuerlich geltend zu machen. Bitte fragen Sie dazu Ihren Steuerberater.<\/li>\n<li>Die Behandlungskosten k\u00f6nnen Sie unmittelbar nach der Beratung oder Therapie in bar oder per EC-Karte begleichen.<\/li>\n<li>Die Zahlung f\u00fcr das Human Design Paket &#8218;Mein Human Design&#8216; erfolgt im Anschluss an das 20 &#8211; min\u00fctige Vorgespr\u00e4ch und Deine schriftliche Best\u00e4tigung Deiner Daten und Deines Auftrags per E-Mail<\/li>\n<\/ul>\n<p>&nbsp;<\/p>\n<p>Behandlungskosten Hypnosetherapie <img decoding=\"async\" role=\"img\" draggable=\"false\" src=\"https:\/\/s.w.org\/images\/core\/emoji\/14.0.0\/svg\/1f33f.svg\" alt=\"\ud83c\udf3f\" \/><\/p>\n<p>Um tiefgreifende Ver\u00e4nderungen zu bewirken, sind meist 3-5 Sitzungen notwendig. Im Vergleich zu anderen Therapieverfahren ist das ein eher geringer Aufwand. Bei Kindern und Jugendlichen sehen wir in der Regel schneller Erfolge.<\/p>\n<p>Die Erstanamnese plus erste Hypnosetherapiesitzung dauert ca. 90 Minuten. In diesem Erstgespr\u00e4ch erfrage ich alle n\u00f6tigen Informationen zu Ihrer pers\u00f6nlichen Situation. Im Anschluss findet die erste Hypnosetherapiesitzung statt.<\/p>\nDie Behandlungskosten f\u00fcr die Erstanamnese mit anschlie\u00dfender Hypnosetherapie, 90 Minuten, betragen 150 Euro.<br \/>\nDas Honorar f\u00fcr jede weitere ca. 60-min\u00fctige Sitzung betragen 100 Euro.\n<p>&nbsp;<\/p>\n<strong>Leider wird noch h\u00e4ufig angenommen, dass die Kosten f\u00fcr Heilpraktiker*innen ausschliesslich selbst getragen werden m\u00fcssen.<\/strong><br \/>\n<strong>Das ist nicht so!<\/strong>\n<p>Es gibt preisg\u00fcnstige Heilpraktikerzusatzversicherungen, die ab etwa 15 Euro im Monat beginnen und 80% oder mehr der Behandlungskosten, von bis zu 1000 Euro im Jahr durch Heilpraktiker*innen erstatten.<\/p>\n<p>Au\u00dferdem \u00fcbernehmen manche Krankenkassen bestimmte Heilpraktiker*innen-Leistungen, bitte fragen Sie dazu ihre Krankenkasse. Die Behandlungskosten werden nach der aktuellen Geb\u00fchrenordnung f\u00fcr Heilpraktiker abgerechnet.<\/p>\n<p>Es lohnt sich, sich zu informieren.<\/p>\n\n","protected":false},"excerpt":{"rendered":"<p>Behandlungskosten Erstgespr\u00e4ch 45 Minuten\u00a0 \u00a0 \u00a0 \u00a0 \u00a0 \u00a0 \u00a0 \u00a0 \u00a0 \u00a0 \u00a0 \u00a0 \u00a0 \u00a0 \u00a0 \u00a0 \u00a0 \u00a0 \u00a0 \u00a0 \u00a0 \u00a0 \u00a0 \u00a0 \u00a0 \u00a0 \u00a0 \u00a0 \u00a0 \u00a0 \u00a0 \u00a0 \u00a0 \u00a060,00 Euro Psychotherapeutische Beratung 60 Minuten\u00a0 \u00a0 \u00a0 \u00a0 \u00a0 \u00a0 \u00a0 \u00a0 \u00a0 \u00a0 \u00a0 \u00a0 \u00a0 \u00a0 [&hellip;]<\/p>\n","protected":false},"author":1,"featured_media":0,"parent":0,"menu_order":0,"comment_status":"closed","ping_status":"closed","template":"","meta":{"site-sidebar-layout":"no-sidebar","site-content-layout":"page-builder","ast-site-content-layout":"full-width-container","site-content-style":"unboxed","site-sidebar-style":"unboxed","ast-global-header-display":"","ast-banner-title-visibility":"","ast-main-header-display":"","ast-hfb-above-header-display":"","ast-hfb-below-header-display":"","ast-hfb-mobile-header-display":"","site-post-title":"disabled","ast-breadcrumbs-content":"","ast-featured-img":"disabled","footer-sml-layout":"","theme-transparent-header-meta":"default","adv-header-id-meta":"","stick-header-meta":"","header-above-stick-meta":"","header-main-stick-meta":"","header-below-stick-meta":"","astra-migrate-meta-layouts":"set","ast-page-background-enabled":"default","ast-page-background-meta":{"desktop":{"background-color":"","background-image":"","background-repeat":"repeat","background-position":"center center","background-size":"auto","background-attachment":"scroll","background-type":"","background-media":"","overlay-type":"","overlay-color":"","overlay-opacity":"","overlay-gradient":""},"tablet":{"background-color":"","background-image":"","background-repeat":"repeat","background-position":"center center","background-size":"auto","background-attachment":"scroll","background-type":"","background-media":"","overlay-type":"","overlay-color":"","overlay-opacity":"","overlay-gradient":""},"mobile":{"background-color":"","background-image":"","background-repeat":"repeat","background-position":"center center","background-size":"auto","background-attachment":"scroll","background-type":"","background-media":"","overlay-type":"","overlay-color":"","overlay-opacity":"","overlay-gradient":""}},"ast-content-background-meta":{"desktop":{"background-color":"var(--ast-global-color-5)","background-image":"","background-repeat":"repeat","background-position":"center center","background-size":"auto","background-attachment":"scroll","background-type":"","background-media":"","overlay-type":"","overlay-color":"","overlay-opacity":"","overlay-gradient":""},"tablet":{"background-color":"var(--ast-global-color-5)","background-image":"","background-repeat":"repeat","background-position":"center center","background-size":"auto","background-attachment":"scroll","background-type":"","background-media":"","overlay-type":"","overlay-color":"","overlay-opacity":"","overlay-gradient":""},"mobile":{"background-color":"var(--ast-global-color-5)","background-image":"","background-repeat":"repeat","background-position":"center center","background-size":"auto","background-attachment":"scroll","background-type":"","background-media":"","overlay-type":"","overlay-color":"","overlay-opacity":"","overlay-gradient":""}},"footnotes":""},"class_list":["post-957","page","type-page","status-publish","hentry"],"_links":{"self":[{"href":"https:\/\/baerbel-repik.com\/index.php?rest_route=\/wp\/v2\/pages\/957","targetHints":{"allow":["GET"]}}],"collection":[{"href":"https:\/\/baerbel-repik.com\/index.php?rest_route=\/wp\/v2\/pages"}],"about":[{"href":"https:\/\/baerbel-repik.com\/index.php?rest_route=\/wp\/v2\/types\/page"}],"author":[{"embeddable":true,"href":"https:\/\/baerbel-repik.com\/index.php?rest_route=\/wp\/v2\/users\/1"}],"replies":[{"embeddable":true,"href":"https:\/\/baerbel-repik.com\/index.php?rest_route=%2Fwp%2Fv2%2Fcomments&post=957"}],"version-history":[{"count":16,"href":"https:\/\/baerbel-repik.com\/index.php?rest_route=\/wp\/v2\/pages\/957\/revisions"}],"predecessor-version":[{"id":1478,"href":"https:\/\/baerbel-repik.com\/index.php?rest_route=\/wp\/v2\/pages\/957\/revisions\/1478"}],"wp:attachment":[{"href":"https:\/\/baerbel-repik.com\/index.php?rest_route=%2Fwp%2Fv2%2Fmedia&parent=957"}],"curies":[{"name":"wp","href":"https:\/\/api.w.org\/{rel}","templated":true}]}}